{"id":6723,"date":"2019-10-31T17:21:15","date_gmt":"2019-10-31T17:21:15","guid":{"rendered":"http:\/\/win4win.ch\/fr\/?page_id=6723"},"modified":"2025-02-24T10:42:27","modified_gmt":"2025-02-24T09:42:27","slug":"impressum","status":"publish","type":"page","link":"https:\/\/win4win.ch\/fr\/impressum\/","title":{"rendered":"Win4Win Mentions l\u00e9gales"},"content":{"rendered":"\r\n<div id=\"impressum-67bc3f02c7a35\" class=\"impressum\">\r\n    <div class=\"container container_lg\">\r\n        <div class=\"impressum__head\">\r\n                        <h2 class=\"h2-title\">Win4Win Mentions l\u00e9gales<\/h2>\r\n            \r\n                        <div class=\"impressum__inner\">\r\n                <p>Quelque chose n&rsquo;est pas clair ou tu as une question ? N&rsquo;h\u00e9site pas \u00e0 nous contacter directement.<\/p>\n            <\/div>\r\n                    <\/div>\r\n    <\/div>\r\n\r\n    <div class=\"impressum__body\">\r\n        <div class=\"container container_lg\">\r\n            <div class=\"impressum__left\">\r\n                <div class=\"impressum__nav\">\r\n                                        <h6 class=\"h6-title\">Information:<\/h6>\r\n                    \r\n                                        <div class=\"dropdown-block js-dropdown\">\r\n                        <a href=\"#\" class=\"dropdown-btn js-dropdownBtn hidden-tablet\">Win4Win Mentions l\u00e9gales<\/a>\r\n                        <ul class=\"dropdown-content\">\r\n                                                                                            <li class=\"active\"><a href=\"https:\/\/win4win.ch\/fr\/impressum\/\" target=\"\">Impressum<\/a><\/li>\r\n                                                                                                                            <li class=\"\"><a href=\"https:\/\/win4win.ch\/fr\/cgv\/\" target=\"\">CGV<\/a><\/li>\r\n                                                                                    <\/ul>\r\n                    <\/div>\r\n                                    <\/div>\r\n            <\/div>\r\n\r\n            <div class=\"impressum__right\">\r\n                <div class=\"impressum__block\">\r\n                    <div class=\"bhead\">\r\n                                                <h1 class=\"h3-title\">Impressum<\/h1>\r\n                        \r\n                        \r\n                                                <div class=\"contact__social\">\r\n\r\n                                                        <div>\r\n                                <a href=\"tel:410417842380\"><i class=\"icon-phone\"><\/i>+41 (0) 41 784 23 80<\/a>\r\n                            <\/div>\r\n                            \r\n                                                        <div>\r\n                                <a href=\"mailto:info@win4win.ch\" class=\"mail\"><i class=\"icon-mail\"><\/i>info@win4win.ch<\/a>\r\n                            <\/div>\r\n                            \r\n                                                        <address class=\"address\"><i class=\"icon-location\"><\/i>ONELINE AG<br \/>\r\nBaarerstrasse 139 <br \/>\r\n6300 Zug, Schweiz<\/address>\r\n                                                    <\/div>\r\n                                                <br class=\"visible-tablet\">\r\n                    <\/div>\r\n                    <h6>Clause de non-responsabilit\u00e9<\/h6>\n<p>Bien que nous veillions avec le plus grand soin \u00e0 la justesse des informations publi\u00e9es, aucune garantie ne peut \u00eatre donn\u00e9e quant \u00e0 la v\u00e9racit\u00e9, l&rsquo;exactitude, l&rsquo;actualit\u00e9, la fiabilit\u00e9 et l&rsquo;exhaustivit\u00e9 de ces informations.<br \/>\nONELINE AG se r\u00e9serve express\u00e9ment le droit de modifier, d&rsquo;effacer ou de ne pas publier temporairement tout ou partie des contenus \u00e0 tout moment et sans pr\u00e9avis.<br \/>\nONELINE AG ne saurait \u00eatre tenue responsable des dommages mat\u00e9riels ou immat\u00e9riels qui pourraient \u00eatre caus\u00e9s par l&rsquo;acc\u00e8s aux informations diffus\u00e9es ou par leur utilisation ou non-utilisation, par le mauvais usage de la connexion ou par des probl\u00e8mes techniques.<\/p>\n<h3>Consentement \u00e0 la publicit\u00e9<\/h3>\n<p>En participant, le participant accepte que ses donn\u00e9es soient utilis\u00e9es \u00e0 des fins de marketing par courrier, e-mail, t\u00e9l\u00e9phone ou SMS par ONELINE AG et ses partenaires et qu&rsquo;une transmission de ses donn\u00e9es soit effectu\u00e9e pour permettre une action de marketing.<br \/>\nLes participants peuvent se d\u00e9sinscrire \u00e0 tout moment (p. ex. en se d\u00e9sabonnant d&rsquo;une newsletter). De m\u00eame, un participant peut <u>r\u00e9voquer<\/u> son accord \u00e0 tout moment en envoyant un e-mail \u00e0 <u>management@win4win.ch<\/u>. La r\u00e9vocation sera communiqu\u00e9e par \u00e9crit aux partenaires concern\u00e9s. La voie juridique est exclue. ONELINE AG et ses partenaires n&rsquo;assument aucune responsabilit\u00e9, en particulier pour les erreurs de logiciel ou de mat\u00e9riel, les probl\u00e8mes d&rsquo;Internet, ainsi que pour toutes les donn\u00e9es qui pourraient nuire au syst\u00e8me de l&rsquo;utilisateur.<\/p>\n<h6>Cookies<\/h6>\n<p>Afin de rendre la visite de notre site web attrayante et de permettre l&rsquo;utilisation de certaines fonctions, nous utilisons des cookies sur diff\u00e9rentes pages. Les cookies et les donn\u00e9es que nous collectons ne sont pas transmis ou vendus \u00e0 des tiers. Vous pouvez configurer votre navigateur de mani\u00e8re \u00e0 \u00eatre inform\u00e9 de l&rsquo;installation de cookies et \u00e0 pouvoir d\u00e9cider individuellement de les accepter ou non. [Si vous n&rsquo;acceptez pas les cookies, la fonctionnalit\u00e9 de notre site web peut \u00eatre limit\u00e9e].<\/p>\n<h6><b>Quels cookies utilisons-nous ?<\/b><\/h6>\n<p>La plupart des cookies que nous utilisons sont automatiquement supprim\u00e9s de votre disque dur \u00e0 la fin de la session de navigation (fin de la session) (d&rsquo;o\u00f9 les cookies de session). Les cookies de session sont par exemple n\u00e9cessaires pour vous proposer la fonction de panier d&rsquo;achat sur plusieurs pages. En outre, nous utilisons \u00e9galement des cookies qui restent sur votre disque dur. Lors d&rsquo;une visite ult\u00e9rieure, il est alors automatiquement reconnu que vous avez d\u00e9j\u00e0 \u00e9t\u00e9 chez nous et quelles sont vos entr\u00e9es et vos pr\u00e9f\u00e9rences. Ces cookies temporaires ou permanents (dur\u00e9e de vie de 1 mois \u00e0 10 ans) sont enregistr\u00e9s sur votre disque dur et s&rsquo;effacent d&rsquo;eux-m\u00eames apr\u00e8s la dur\u00e9e prescrite. Ces cookies servent en particulier \u00e0 rendre notre offre plus conviviale, plus efficace et plus s\u00fbre. Gr\u00e2ce \u00e0 ces fichiers, il est par exemple possible d&rsquo;afficher sur le site des informations sp\u00e9cialement adapt\u00e9es \u00e0 vos int\u00e9r\u00eats. L&rsquo;objectif exclusif de ces cookies est d&rsquo;adapter au mieux notre offre aux souhaits de nos clients et de rendre votre navigation sur notre site aussi confortable que possible.<\/p>\n<h6>Quelles sont les donn\u00e9es stock\u00e9es dans les cookies ?<\/h6>\n<p>Aucune donn\u00e9e personnelle n&rsquo;est enregistr\u00e9e dans les cookies que nous utilisons. Les cookies que nous utilisons ne peuvent donc pas \u00eatre attribu\u00e9s \u00e0 une personne en particulier et donc pas \u00e0 vous. Lors de l&rsquo;activation du cookie, un num\u00e9ro d&rsquo;identification lui est attribu\u00e9. Une attribution de vos donn\u00e9es personnelles \u00e0 ce num\u00e9ro d&rsquo;identification n&rsquo;est \u00e0 aucun moment possible et n&rsquo;est pas effectu\u00e9e. Votre nom, votre adresse IP ou des donn\u00e9es similaires qui permettraient de vous attribuer le cookie ne sont \u00e0 aucun moment utilis\u00e9s. Sur la base de la technologie des cookies, nous recevons uniquement des informations pseudonymis\u00e9es, par exemple sur les pages de notre boutique qui ont \u00e9t\u00e9 visit\u00e9es, les produits qui ont \u00e9t\u00e9 consult\u00e9s, etc.<\/p>\n<h6><b>Qu&rsquo;est-ce que le ciblage sur site ? \/ Pourquoi utilisons-nous des cookies ?<\/b><\/h6>\n<p>Sur nos pages web, des donn\u00e9es sont collect\u00e9es sur la base d&rsquo;une technologie de cookie afin d&rsquo;optimiser notre publicit\u00e9 et l&rsquo;ensemble de l&rsquo;offre en ligne. Ces donn\u00e9es ne sont pas utilis\u00e9es pour vous identifier personnellement, mais servent uniquement \u00e0 une \u00e9valuation pseudonyme de l&rsquo;utilisation de la page d&rsquo;accueil. Vos donn\u00e9es ne sont \u00e0 aucun moment recoup\u00e9es avec les donn\u00e9es personnelles que nous d\u00e9tenons. Cette technologie nous permet de vous pr\u00e9senter des publicit\u00e9s et\/ou des offres et services sp\u00e9ciaux dont le contenu est bas\u00e9 sur les informations obtenues dans le cadre de l&rsquo;analyse du parcours de navigation (par exemple, des publicit\u00e9s cibl\u00e9es sur les tours de jeu exclusivement consult\u00e9es au cours des derniers jours). Notre objectif est de rendre notre offre en ligne aussi attrayante que possible et de vous pr\u00e9senter des publicit\u00e9s qui correspondent \u00e0 vos domaines d&rsquo;int\u00e9r\u00eat.<\/p>\n<h6><b>Google Analytics<\/b><\/h6>\n<p>ONELINE SA utilise Google Analytics, un service d&rsquo;analyse web de Google Inc (\u00ab Google \u00bb). Google Analytics utilise des \u00ab cookies \u00bb, des fichiers texte qui sont enregistr\u00e9s sur votre ordinateur et qui permettent une analyse de votre utilisation du site web. Les informations g\u00e9n\u00e9r\u00e9es par le cookie concernant votre utilisation de ce site web sont g\u00e9n\u00e9ralement transmises \u00e0 un serveur de Google aux \u00c9tats-Unis et y sont enregistr\u00e9es. En cas d&rsquo;activation de l&rsquo;anonymisation IP sur ce site web, votre adresse IP sera toutefois abr\u00e9g\u00e9e au pr\u00e9alable par Google dans les \u00c9tats membres de l&rsquo;Union europ\u00e9enne ou dans d&rsquo;autres \u00c9tats signataires de l&rsquo;accord sur l&rsquo;Espace \u00e9conomique europ\u00e9en. Ce n&rsquo;est que dans des cas exceptionnels que l&rsquo;adresse IP compl\u00e8te est transmise \u00e0 un serveur de Google aux \u00c9tats-Unis et y est abr\u00e9g\u00e9e. Google utilisera ces informations pour le compte de l&rsquo;exploitant de ce site web afin d&rsquo;\u00e9valuer votre utilisation du site web, de compiler des rapports sur les activit\u00e9s du site web et de fournir \u00e0 l&rsquo;exploitant du site web d&rsquo;autres services li\u00e9s \u00e0 l&rsquo;utilisation du site web et d&rsquo;Internet.<\/p>\n<h6>Facebook<\/h6>\n<p>Utilisation des plugins sociaux de Facebook. Notre site web utilise ce que l&rsquo;on appelle des plugins sociaux (\u00ab plugins \u00bb) du r\u00e9seau social Facebook, qui est exploit\u00e9 par Facebook Inc, 1601 S. California Ave, Palo Alto, CA 94304, USA (\u00ab Facebook \u00bb). Les plugins sont identifi\u00e9s par un logo Facebook ou par la mention \u00ab Plug-in social de Facebook \u00bb ou \u00ab Facebook Social Plugin \u00bb. Vous trouverez ici un aper\u00e7u des plugins Facebook et de leur apparence : https:\/\/developers.facebook.com\/docs\/plugins. Lorsque vous consultez une page de notre site web qui contient un tel plugin, votre navigateur \u00e9tablit une connexion directe avec les serveurs de Facebook. Le contenu du plugin est transmis directement par Facebook \u00e0 votre navigateur et int\u00e9gr\u00e9 dans la page. Gr\u00e2ce \u00e0 cette int\u00e9gration, Facebook re\u00e7oit l&rsquo;information que votre navigateur a consult\u00e9 la page correspondante de notre site web, m\u00eame si vous ne poss\u00e9dez pas de profil Facebook ou si vous n&rsquo;\u00eates pas connect\u00e9 \u00e0 Facebook \u00e0 ce moment-l\u00e0. Cette information (y compris votre adresse IP) est transmise directement par votre navigateur \u00e0 un serveur de Facebook aux \u00c9tats-Unis et y est enregistr\u00e9e. Si vous \u00eates connect\u00e9 \u00e0 Facebook, Facebook peut directement attribuer la visite de notre site web \u00e0 votre profil Facebook. Si vous interagissez avec les plugins, par exemple en cliquant sur le bouton \u00ab J&rsquo;aime \u00bb ou en laissant un commentaire, cette information est \u00e9galement transmise directement \u00e0 un serveur de Facebook et y est enregistr\u00e9e. Les informations sont \u00e9galement publi\u00e9es sur votre profil Facebook et affich\u00e9es \u00e0 vos amis Facebook. Pour conna\u00eetre l&rsquo;objet et l&rsquo;\u00e9tendue de la collecte de donn\u00e9es, le traitement ult\u00e9rieur et l&rsquo;utilisation des donn\u00e9es par Facebook, ainsi que vos droits et possibilit\u00e9s de param\u00e9trage \u00e0 cet \u00e9gard pour prot\u00e9ger votre vie priv\u00e9e, veuillez consulter la politique de confidentialit\u00e9 de Facebook : http:\/\/www.facebook.com\/policy.php. Si vous ne souhaitez pas que Facebook attribue directement les donn\u00e9es collect\u00e9es sur notre site \u00e0 votre profil Facebook, vous devez vous d\u00e9connecter de Facebook avant de visiter notre site. Vous pouvez \u00e9galement emp\u00eacher compl\u00e8tement le chargement des plug-ins Facebook en utilisant des modules compl\u00e9mentaires pour votre navigateur, par exemple le \u00ab Facebook Blocker \u00bb (http:\/\/webgraph.com\/resources\/facebookblocker\/).<\/p>\n<h6><b>Acc\u00e8s, rectification, suppression ou r\u00e9clamation<\/b><\/h6>\n<p>Conform\u00e9ment \u00e0 la loi f\u00e9d\u00e9rale sur la protection des donn\u00e9es (LPD), vous avez un droit d&rsquo;acc\u00e8s gratuit aux donn\u00e9es enregistr\u00e9es vous concernant (article 8 LPD) ainsi qu&rsquo;un droit de rectification (article 5, paragraphe 2, LPD). En outre, vous pouvez \u00e0 tout moment obtenir la suppression de vos donn\u00e9es en envoyant un message \u00e9crit et en prouvant votre identit\u00e9. Veuillez noter que m\u00eame apr\u00e8s votre demande de blocage ou de suppression de vos donn\u00e9es personnelles, nous devons les conserver en partie dans le cadre de notre obligation l\u00e9gale ou contractuelle de les conserver (par exemple \u00e0 des fins de facturation) et que, dans ce cas, nous ne faisons que bloquer vos donn\u00e9es personnelles dans la mesure o\u00f9 elles sont n\u00e9cessaires \u00e0 cette fin. Cela signifie pour vous que vous pouvez vous opposer \u00e0 tout moment par e-mail au traitement de vos donn\u00e9es \u00e0 des fins de marketing. Une telle opposition n&rsquo;exclut pas totalement la collecte de donn\u00e9es personnelles. L&rsquo;opposition exclut simplement que les donn\u00e9es personnelles collect\u00e9es soient trait\u00e9es de mani\u00e8re non anonyme \u00e0 des fins de marketing et qu&rsquo;elles puissent \u00eatre transmises \u00e0 d&rsquo;autres entreprises et analys\u00e9es par celles-ci \u00e0 cette fin. Nous ne conservons vos donn\u00e9es qu&rsquo;aussi longtemps que cela est n\u00e9cessaire sur le plan juridique ou en fonction de la finalit\u00e9 du traitement. En cas d&rsquo;analyse, nous conservons vos donn\u00e9es jusqu&rsquo;\u00e0 ce que l&rsquo;analyse soit termin\u00e9e. Si nous enregistrons des donn\u00e9es sur la base d&rsquo;une relation contractuelle avec vous, ces donn\u00e9es restent enregistr\u00e9es au moins aussi longtemps que la relation contractuelle existe et au plus tard aussi longtemps que les d\u00e9lais de prescription pour d&rsquo;\u00e9ventuelles pr\u00e9tentions de notre part courent ou qu&rsquo;il existe une obligation l\u00e9gale ou contractuelle de conservation. Pour toute question concernant la collecte et le traitement de vos donn\u00e9es personnelles ou pour toute demande de renseignement ou de rectification, veuillez vous adresser \u00e0 info@win4win.ch.<\/p>\n                <\/div>\r\n            <\/div>\r\n        <\/div>\r\n    <\/div>\r\n<\/div>","protected":false},"excerpt":{"rendered":"","protected":false},"author":3,"featured_media":0,"parent":0,"menu_order":0,"comment_status":"closed","ping_status":"closed","template":"","meta":{"_acf_changed":false,"footnotes":""},"class_list":["post-6723","page","type-page","status-publish","hentry"],"acf":[],"yoast_head":"<!-- This site is optimized with the Yoast SEO plugin v26.9 - https:\/\/yoast.com\/product\/yoast-seo-wordpress\/ -->\n<title>Tous les concours de Suisse<\/title>\n<meta name=\"description\" content=\"D\u00e9couvre tous les concours suisses et gagne de superbes prix imm\u00e9diats ! Participer en vaut la peine. De superbes concours et jeux-concours.\" \/>\n<meta name=\"robots\" content=\"index, follow, max-snippet:-1, max-image-preview:large, max-video-preview:-1\" \/>\n<link rel=\"canonical\" href=\"https:\/\/win4win.ch\/fr\/impressum\/\" \/>\n<meta property=\"og:locale\" content=\"fr_FR\" \/>\n<meta property=\"og:type\" content=\"article\" \/>\n<meta property=\"og:title\" content=\"Tous les concours de Suisse\" \/>\n<meta property=\"og:description\" content=\"D\u00e9couvre tous les concours suisses et gagne de superbes prix imm\u00e9diats ! Participer en vaut la peine. De superbes concours et jeux-concours.\" \/>\n<meta property=\"og:url\" content=\"https:\/\/win4win.ch\/fr\/impressum\/\" \/>\n<meta property=\"og:site_name\" content=\"Win4Win Concours et comp\u00e9titions\" \/>\n<meta property=\"article:publisher\" content=\"https:\/\/www.facebook.com\/Win4WinCH\/\" \/>\n<meta property=\"article:modified_time\" content=\"2025-02-24T09:42:27+00:00\" \/>\n<meta name=\"twitter:card\" content=\"summary_large_image\" \/>\n<meta name=\"twitter:site\" content=\"@Win4Win_ch\" \/>\n<script type=\"application\/ld+json\" class=\"yoast-schema-graph\">{\"@context\":\"https:\/\/schema.org\",\"@graph\":[{\"@type\":\"WebPage\",\"@id\":\"https:\/\/win4win.ch\/fr\/impressum\/\",\"url\":\"https:\/\/win4win.ch\/fr\/impressum\/\",\"name\":\"Tous les concours de Suisse\",\"isPartOf\":{\"@id\":\"https:\/\/win4win.ch\/fr\/#website\"},\"datePublished\":\"2019-10-31T17:21:15+00:00\",\"dateModified\":\"2025-02-24T09:42:27+00:00\",\"description\":\"D\u00e9couvre tous les concours suisses et gagne de superbes prix imm\u00e9diats ! Participer en vaut la peine. De superbes concours et jeux-concours.\",\"breadcrumb\":{\"@id\":\"https:\/\/win4win.ch\/fr\/impressum\/#breadcrumb\"},\"inLanguage\":\"fr-FR\",\"potentialAction\":[{\"@type\":\"ReadAction\",\"target\":[\"https:\/\/win4win.ch\/fr\/impressum\/\"]}]},{\"@type\":\"BreadcrumbList\",\"@id\":\"https:\/\/win4win.ch\/fr\/impressum\/#breadcrumb\",\"itemListElement\":[{\"@type\":\"ListItem\",\"position\":1,\"name\":\"Home\",\"item\":\"https:\/\/win4win.ch\/fr\/\"},{\"@type\":\"ListItem\",\"position\":2,\"name\":\"Win4Win Mentions l\u00e9gales\"}]},{\"@type\":\"WebSite\",\"@id\":\"https:\/\/win4win.ch\/fr\/#website\",\"url\":\"https:\/\/win4win.ch\/fr\/\",\"name\":\"Win4Win Concours et comp\u00e9titions\",\"description\":\"\",\"potentialAction\":[{\"@type\":\"SearchAction\",\"target\":{\"@type\":\"EntryPoint\",\"urlTemplate\":\"https:\/\/win4win.ch\/fr\/?s={search_term_string}\"},\"query-input\":{\"@type\":\"PropertyValueSpecification\",\"valueRequired\":true,\"valueName\":\"search_term_string\"}}],\"inLanguage\":\"fr-FR\"}]}<\/script>\n<!-- \/ Yoast SEO plugin. -->","yoast_head_json":{"title":"Tous les concours de Suisse","description":"D\u00e9couvre tous les concours suisses et gagne de superbes prix imm\u00e9diats ! Participer en vaut la peine. De superbes concours et jeux-concours.","robots":{"index":"index","follow":"follow","max-snippet":"max-snippet:-1","max-image-preview":"max-image-preview:large","max-video-preview":"max-video-preview:-1"},"canonical":"https:\/\/win4win.ch\/fr\/impressum\/","og_locale":"fr_FR","og_type":"article","og_title":"Tous les concours de Suisse","og_description":"D\u00e9couvre tous les concours suisses et gagne de superbes prix imm\u00e9diats ! Participer en vaut la peine. De superbes concours et jeux-concours.","og_url":"https:\/\/win4win.ch\/fr\/impressum\/","og_site_name":"Win4Win Concours et comp\u00e9titions","article_publisher":"https:\/\/www.facebook.com\/Win4WinCH\/","article_modified_time":"2025-02-24T09:42:27+00:00","twitter_card":"summary_large_image","twitter_site":"@Win4Win_ch","schema":{"@context":"https:\/\/schema.org","@graph":[{"@type":"WebPage","@id":"https:\/\/win4win.ch\/fr\/impressum\/","url":"https:\/\/win4win.ch\/fr\/impressum\/","name":"Tous les concours de Suisse","isPartOf":{"@id":"https:\/\/win4win.ch\/fr\/#website"},"datePublished":"2019-10-31T17:21:15+00:00","dateModified":"2025-02-24T09:42:27+00:00","description":"D\u00e9couvre tous les concours suisses et gagne de superbes prix imm\u00e9diats ! Participer en vaut la peine. De superbes concours et jeux-concours.","breadcrumb":{"@id":"https:\/\/win4win.ch\/fr\/impressum\/#breadcrumb"},"inLanguage":"fr-FR","potentialAction":[{"@type":"ReadAction","target":["https:\/\/win4win.ch\/fr\/impressum\/"]}]},{"@type":"BreadcrumbList","@id":"https:\/\/win4win.ch\/fr\/impressum\/#breadcrumb","itemListElement":[{"@type":"ListItem","position":1,"name":"Home","item":"https:\/\/win4win.ch\/fr\/"},{"@type":"ListItem","position":2,"name":"Win4Win Mentions l\u00e9gales"}]},{"@type":"WebSite","@id":"https:\/\/win4win.ch\/fr\/#website","url":"https:\/\/win4win.ch\/fr\/","name":"Win4Win Concours et comp\u00e9titions","description":"","potentialAction":[{"@type":"SearchAction","target":{"@type":"EntryPoint","urlTemplate":"https:\/\/win4win.ch\/fr\/?s={search_term_string}"},"query-input":{"@type":"PropertyValueSpecification","valueRequired":true,"valueName":"search_term_string"}}],"inLanguage":"fr-FR"}]}},"_links":{"self":[{"href":"https:\/\/win4win.ch\/fr\/wp-json\/wp\/v2\/pages\/6723","targetHints":{"allow":["GET"]}}],"collection":[{"href":"https:\/\/win4win.ch\/fr\/wp-json\/wp\/v2\/pages"}],"about":[{"href":"https:\/\/win4win.ch\/fr\/wp-json\/wp\/v2\/types\/page"}],"author":[{"embeddable":true,"href":"https:\/\/win4win.ch\/fr\/wp-json\/wp\/v2\/users\/3"}],"replies":[{"embeddable":true,"href":"https:\/\/win4win.ch\/fr\/wp-json\/wp\/v2\/comments?post=6723"}],"version-history":[{"count":18,"href":"https:\/\/win4win.ch\/fr\/wp-json\/wp\/v2\/pages\/6723\/revisions"}],"predecessor-version":[{"id":18249,"href":"https:\/\/win4win.ch\/fr\/wp-json\/wp\/v2\/pages\/6723\/revisions\/18249"}],"wp:attachment":[{"href":"https:\/\/win4win.ch\/fr\/wp-json\/wp\/v2\/media?parent=6723"}],"curies":[{"name":"wp","href":"https:\/\/api.w.org\/{rel}","templated":true}]}}