{"id":6717,"date":"2019-10-31T17:18:07","date_gmt":"2019-10-31T17:18:07","guid":{"rendered":"http:\/\/win4win.ch\/fr\/?page_id=6717"},"modified":"2025-07-17T09:56:59","modified_gmt":"2025-07-17T07:56:59","slug":"cgv","status":"publish","type":"page","link":"https:\/\/win4win.ch\/fr\/cgv\/","title":{"rendered":"CGV"},"content":{"rendered":"\r\n<div id=\"impressum-67b74abcdc664\" class=\"impressum\">\r\n    <div class=\"container container_lg\">\r\n        <div class=\"impressum__head\">\r\n                        <h2 class=\"h2-title\">NOS CONDITIONS DE VENTE<\/h2>\r\n            \r\n                        <div class=\"impressum__inner\">\r\n                <p>Quelque chose n&rsquo;est pas clair ou tu as une question ? N&rsquo;h\u00e9site pas \u00e0 nous contacter directement.<\/p>\n            <\/div>\r\n                    <\/div>\r\n    <\/div>\r\n\r\n    <div class=\"impressum__body\">\r\n        <div class=\"container container_lg\">\r\n            <div class=\"impressum__left\">\r\n                <div class=\"impressum__nav\">\r\n                                        <h6 class=\"h6-title\">Information:<\/h6>\r\n                    \r\n                                        <div class=\"dropdown-block js-dropdown\">\r\n                        <a href=\"#\" class=\"dropdown-btn js-dropdownBtn hidden-tablet\">CGV<\/a>\r\n                        <ul class=\"dropdown-content\">\r\n                                                                                            <li class=\"\"><a href=\"https:\/\/win4win.ch\/fr\/impressum\/\" target=\"\">Impressum<\/a><\/li>\r\n                                                                                                                            <li class=\"active\"><a href=\"#\" target=\"\">CGV<\/a><\/li>\r\n                                                                                    <\/ul>\r\n                    <\/div>\r\n                                    <\/div>\r\n            <\/div>\r\n\r\n            <div class=\"impressum__right\">\r\n                <div class=\"impressum__block\">\r\n                    <div class=\"bhead\">\r\n                                                <h1 class=\"h3-title\">Conditions g\u00e9n\u00e9rales de vente (CGV) et d\u00e9claration de confidentialit\u00e9<\/h1>\r\n                        \r\n                                                <div class=\"sm-text\">Valable au 31.12.2022<\/div>\r\n                        \r\n                                                <br class=\"visible-tablet\">\r\n                    <\/div>\r\n                    <h6>Introduction<\/h6>\n<p>ONELINE AG, ci-apr\u00e8s d\u00e9nomm\u00e9e \u00ab l&rsquo;exploitant \u00bb, propose divers concours via sa plateforme win4win.ch, ci-apr\u00e8s d\u00e9nomm\u00e9e \u00ab la plateforme \u00bb. Ces concours sont organis\u00e9s en coop\u00e9ration avec un grand nombre de partenaires dont les d\u00e9tails peuvent \u00eatre trouv\u00e9s sur la page sp\u00e9cifique du concours sur la plate-forme. La participation \u00e0 ces concours est li\u00e9e \u00e0 l&rsquo;acceptation des conditions g\u00e9n\u00e9rales suivantes qui, avec la d\u00e9claration de protection des donn\u00e9es, constituent la base de la relation contractuelle entre l&rsquo;exploitant et les participants, ci-apr\u00e8s d\u00e9nomm\u00e9s \u00ab participants \u00bb.<\/p>\n<h6>Port\u00e9e et champ d&rsquo;application<\/h6>\n<p>Les pr\u00e9sentes CG s&rsquo;appliquent \u00e0 toutes les actions, participations et interactions dans le cadre des concours sur win4win.ch. Elles r\u00e9gissent les conditions dans lesquelles l&rsquo;utilisation de la plate-forme et la participation aux concours ont lieu. En s&rsquo;inscrivant sur la plate-forme et en participant aux concours, le participant d\u00e9clare express\u00e9ment accepter les pr\u00e9sentes CGV. Les CG peuvent \u00eatre consult\u00e9es \u00e0 tout moment sur le site Internet de la plate-forme et peuvent \u00eatre imprim\u00e9es \u00e0 des fins personnelles.<\/p>\n<h6>\u00c9ligibilit\u00e9 et processus d&rsquo;inscription<\/h6>\n<p><b>Droit de participation :<\/b> Seules les personnes physiques r\u00e9sidant en permanence en Suisse et \u00e2g\u00e9es de 18 ans r\u00e9volus au moment de la participation sont autoris\u00e9es \u00e0 participer. Sont exclus de la participation tous les collaborateurs de l&rsquo;exploitant, des entreprises partenaires participantes ainsi que les membres de leur famille directe et les personnes vivant sous le m\u00eame toit. Cette r\u00e8gle vise \u00e0 garantir la transparence et l&rsquo;\u00e9quit\u00e9 du processus de concours.<br \/>\n<b>Processus d&rsquo;inscription :<\/b> la participation aux concours requiert une inscription pr\u00e9alable sur la plate-forme. Dans le cadre de cette inscription, diff\u00e9rentes donn\u00e9es personnelles doivent \u00eatre fournies, dont l&rsquo;\u00e9tendue et la nature peuvent d\u00e9pendre du concours en question. Il s&rsquo;agit en g\u00e9n\u00e9ral du pr\u00e9nom et du nom, de l&rsquo;adresse e-mail, du num\u00e9ro de t\u00e9l\u00e9phone et de la formule de politesse. L&rsquo;indication de ces donn\u00e9es doit \u00eatre conforme \u00e0 la v\u00e9rit\u00e9. En s&rsquo;inscrivant, le participant accepte les conditions g\u00e9n\u00e9rales de vente et la d\u00e9claration de protection des donn\u00e9es.<br \/>\n<b>Proc\u00e9dure de double opt-in :<\/b> Une fois l&rsquo;inscription termin\u00e9e, un e-mail de confirmation contenant un lien sp\u00e9cifique est envoy\u00e9 \u00e0 l&rsquo;adresse e-mail indiqu\u00e9e. Ce n&rsquo;est qu&rsquo;en cliquant sur ce lien que l&rsquo;enregistrement est enti\u00e8rement termin\u00e9, le participant donnant ainsi son consentement explicite \u00e0 la participation au concours et au traitement de ses donn\u00e9es personnelles conform\u00e9ment \u00e0 la d\u00e9claration de protection des donn\u00e9es. Cette proc\u00e9dure vise \u00e0 prot\u00e9ger les participants et<\/p>\n<h6>Consentement \u00e0 la publicit\u00e9 et communication<\/h6>\n<p><b>Consentement aux activit\u00e9s de marketing :<\/b> En participant \u00e0 un concours ainsi qu\u2019en confirmant le double opt-in, le participant consent \u00e0 ce que l\u2019organisateur et au maximum cinq entreprises partenaires impliqu\u00e9es utilisent les coordonn\u00e9es fournies \u00e0 des fins de marketing, telles que l\u2019envoi de newsletters, de SMS ou la prise de contact par t\u00e9l\u00e9phone. Ce consentement inclut une autorisation expresse d\u2019utiliser les donn\u00e9es aux fins mentionn\u00e9es et peut \u00eatre r\u00e9voqu\u00e9 \u00e0 tout moment par le participant.<br \/>\n<b>Droit de r\u00e9tractation et d\u00e9sinscription :<\/b> chaque participant a le droit de r\u00e9voquer \u00e0 tout moment son consentement \u00e0 l&rsquo;utilisation de ses donn\u00e9es \u00e0 des fins de marketing. La r\u00e9vocation peut se faire simplement en utilisant les possibilit\u00e9s de d\u00e9sinscription mises \u00e0 disposition dans chaque mat\u00e9riel de marketing, comme par exemple un lien de d\u00e9sinscription dans la newsletter, ou en envoyant un message directement \u00e0 l&rsquo;exploitant via l&rsquo;adresse e-mail management@win4win.ch. Apr\u00e8s r\u00e9ception de la r\u00e9vocation, les donn\u00e9es du participant ne seront plus utilis\u00e9es \u00e0 des fins de marketing et le participant ne recevra plus de communications marketing de l&rsquo;exploitant ou des partenaires impliqu\u00e9s.<\/p>\n<h6>D\u00e9termination des gagnants, notification et attribution des prix<\/h6>\n<p><b>Proc\u00e9dure de tirage au sort :<\/b> Les gagnants des concours sont d\u00e9sign\u00e9s \u00e0 l&rsquo;issue de la phase de concours au moyen d&rsquo;une proc\u00e9dure al\u00e9atoire informatis\u00e9e parmi tous les participants \u00e9ligibles et enregistr\u00e9s. Les crit\u00e8res et conditions exacts de d\u00e9termination des gagnants sont d\u00e9finis sp\u00e9cifiquement pour chaque concours et sont clairement communiqu\u00e9s au pr\u00e9alable.<br \/>\n<b>Information des gagnants :<\/b> en principe, les gagnants ne sont pas inform\u00e9s directement. Les prix sont automatiquement envoy\u00e9s en fonction des donn\u00e9es enregistr\u00e9es. Les prix physiques sont envoy\u00e9s par la poste \u00e0 l&rsquo;adresse indiqu\u00e9e, tandis que les prix num\u00e9riques sont transmis par e-mail. Une notification s\u00e9par\u00e9e ne sera envoy\u00e9e que dans des cas exceptionnels, par exemple en cas d&rsquo;exigences de livraison particuli\u00e8res ou de modalit\u00e9s de livraison diff\u00e9rentes.<br \/>\n<b>Transfert et paiement des gains :<\/b> les prix tir\u00e9s au sort sont mis \u00e0 la disposition des gagnants directement par l&rsquo;exploitant ou les partenaires impliqu\u00e9s. Le paiement des gains en esp\u00e8ces est en principe exclu, sauf indication contraire dans le concours sp\u00e9cifique. L&rsquo;envoi des gains physiques se fait \u00e0 l&rsquo;adresse indiqu\u00e9e par le gagnant lors de son inscription. Les \u00e9ventuels imp\u00f4ts ou taxes sur les gains sont \u00e0 la charge des gagnants.<\/p>\n<h6>D\u00e9claration de confidentialit\u00e9 et protection des donn\u00e9es \u00e0 caract\u00e8re personnel<\/h6>\n<p>L&rsquo;exploitant s&rsquo;engage \u00e0 prot\u00e9ger int\u00e9gralement la sph\u00e8re priv\u00e9e et les donn\u00e9es personnelles des participants. La collecte, le traitement et l&rsquo;utilisation des donn\u00e9es personnelles se font exclusivement dans le cadre des dispositions l\u00e9gales de la loi suisse sur la protection des donn\u00e9es et du r\u00e8glement g\u00e9n\u00e9ral europ\u00e9en sur la protection des donn\u00e9es (RGPD), dans la mesure o\u00f9 ils sont applicables.<br \/>\n<b>Objectif de la collecte des donn\u00e9es :<\/b> les donn\u00e9es personnelles fournies par le participant dans le cadre de l&rsquo;inscription et de la participation aux concours sont utilis\u00e9es par l&rsquo;exploitant exclusivement pour l&rsquo;organisation et le d\u00e9roulement des concours, la communication avec les participants, la d\u00e9termination et la notification des gains ainsi que pour les activit\u00e9s de marketing d\u00e9crites dans le cadre de l&rsquo;accord publicitaire.<br \/>\n<b>Consentement sp\u00e9cifique et traitement des donn\u00e9es :<\/b> en s&rsquo;inscrivant et en participant aux concours, le participant donne son consentement sp\u00e9cifique au traitement de ses donn\u00e9es personnelles aux fins mentionn\u00e9es. Ce consentement comprend notamment l&rsquo;autorisation d&rsquo;utiliser les donn\u00e9es de contact pour l&rsquo;envoi de mat\u00e9riel de marketing par l&rsquo;exploitant et les partenaires impliqu\u00e9s. Le participant a le droit de r\u00e9voquer ce consentement \u00e0 tout moment, apr\u00e8s quoi les donn\u00e9es concern\u00e9es ne seront plus utilis\u00e9es aux fins correspondantes.<br \/>\n<b>Transmission de donn\u00e9es \u00e0 des tiers :<\/b> La transmission de donn\u00e9es personnelles \u00e0 des tiers n&rsquo;a lieu que dans le cadre du d\u00e9roulement n\u00e9cessaire des concours, de l&rsquo;attribution des prix et de la r\u00e9alisation des activit\u00e9s de marketing. Tous les destinataires tiers sont tenus de respecter les dispositions relatives \u00e0 la protection des donn\u00e9es et de n&rsquo;utiliser les donn\u00e9es qu&rsquo;aux fins convenues. L&rsquo;exploitant veille \u00e0 ce que seuls des partenaires dignes de confiance aient acc\u00e8s aux donn\u00e9es et \u00e0 ce que le traitement des donn\u00e9es s&rsquo;effectue dans le respect des normes de s\u00e9curit\u00e9 les plus strictes. <b>Stockage et s\u00e9curit\u00e9 des donn\u00e9es et droits des personnes concern\u00e9es :<\/b> L&rsquo;exploitant ne conserve les donn\u00e9es personnelles des participants que le temps n\u00e9cessaire \u00e0 l&rsquo;organisation du concours, au d\u00e9roulement de l&rsquo;attribution des prix et \u00e0 la mise en \u0153uvre des activit\u00e9s de marketing, mais au maximum pendant cinq ans. Toutes les mesures techniques et organisationnelles sont prises pour garantir un niveau \u00e9lev\u00e9 de s\u00e9curit\u00e9 des donn\u00e9es et pour prot\u00e9ger les donn\u00e9es contre tout acc\u00e8s non autoris\u00e9, toute perte ou tout abus. Les participants ont \u00e0 tout moment le droit d&rsquo;obtenir des informations sur les donn\u00e9es enregistr\u00e9es les concernant, de demander la rectification de donn\u00e9es inexactes, la suppression de leurs donn\u00e9es ainsi que la limitation du traitement et la portabilit\u00e9 des donn\u00e9es. Les demandes concernant les droits des personnes concern\u00e9es peuvent \u00eatre adress\u00e9es directement \u00e0 l&rsquo;exploitant.<\/p>\n<h6>Clause de sauvegarde<\/h6>\n<p>Si certaines dispositions des pr\u00e9sentes CGV ou de la d\u00e9claration de protection des donn\u00e9es devaient \u00eatre ou devenir totalement ou partiellement invalides, la validit\u00e9 des autres dispositions n&rsquo;en serait pas affect\u00e9e. Les dispositions l\u00e9gales respectives remplacent les dispositions invalides ou manquantes. Les deux parties s&rsquo;engagent \u00e0 remplacer une disposition invalide par une disposition valide qui se rapproche le plus possible de l&rsquo;objectif \u00e9conomique et du but de la disposition initiale.<\/p>\n<h6>Droit applicable et juridiction comp\u00e9tente<\/h6>\n<p>Le droit de la Conf\u00e9d\u00e9ration suisse s&rsquo;applique exclusivement aux pr\u00e9sentes CG et \u00e0 la participation aux concours. Le for juridique pour tous les litiges d\u00e9coulant des CGV ou en rapport avec celles-ci est Zoug\/ZG, sauf dispositions l\u00e9gales contraignantes contraires.<\/p>\n                <\/div>\r\n            <\/div>\r\n        <\/div>\r\n    <\/div>\r\n<\/div>","protected":false},"excerpt":{"rendered":"","protected":false},"author":3,"featured_media":0,"parent":0,"menu_order":0,"comment_status":"closed","ping_status":"closed","template":"","meta":{"_acf_changed":false,"footnotes":""},"class_list":["post-6717","page","type-page","status-publish","hentry"],"acf":[],"yoast_head":"<!-- This site is optimized with the Yoast SEO plugin v26.9 - https:\/\/yoast.com\/product\/yoast-seo-wordpress\/ -->\n<title>Gagnez et r\u00e9jouissez-vous ! Jeux-concours suisses<\/title>\n<meta name=\"description\" content=\"Participe et gagne de superbes prix ! Les jeux-concours suisses tirent au sort des prix de r\u00eave \u00e0 gagner imm\u00e9diatement.\" \/>\n<meta name=\"robots\" content=\"noindex, follow\" \/>\n<meta property=\"og:locale\" content=\"fr_FR\" \/>\n<meta property=\"og:type\" content=\"article\" \/>\n<meta property=\"og:title\" content=\"Gagnez et r\u00e9jouissez-vous ! Jeux-concours suisses\" \/>\n<meta property=\"og:description\" content=\"Participe et gagne de superbes prix ! Les jeux-concours suisses tirent au sort des prix de r\u00eave \u00e0 gagner imm\u00e9diatement.\" \/>\n<meta property=\"og:url\" content=\"https:\/\/win4win.ch\/fr\/cgv\/\" \/>\n<meta property=\"og:site_name\" content=\"Win4Win Concours et comp\u00e9titions\" \/>\n<meta property=\"article:publisher\" content=\"https:\/\/www.facebook.com\/Win4WinCH\/\" \/>\n<meta property=\"article:modified_time\" content=\"2025-07-17T07:56:59+00:00\" \/>\n<meta name=\"twitter:card\" content=\"summary_large_image\" \/>\n<meta name=\"twitter:site\" content=\"@Win4Win_ch\" \/>\n<script type=\"application\/ld+json\" class=\"yoast-schema-graph\">{\"@context\":\"https:\/\/schema.org\",\"@graph\":[{\"@type\":\"WebPage\",\"@id\":\"https:\/\/win4win.ch\/fr\/cgv\/\",\"url\":\"https:\/\/win4win.ch\/fr\/cgv\/\",\"name\":\"Gagnez et r\u00e9jouissez-vous ! Jeux-concours suisses\",\"isPartOf\":{\"@id\":\"https:\/\/win4win.ch\/fr\/#website\"},\"datePublished\":\"2019-10-31T17:18:07+00:00\",\"dateModified\":\"2025-07-17T07:56:59+00:00\",\"description\":\"Participe et gagne de superbes prix ! Les jeux-concours suisses tirent au sort des prix de r\u00eave \u00e0 gagner imm\u00e9diatement.\",\"breadcrumb\":{\"@id\":\"https:\/\/win4win.ch\/fr\/cgv\/#breadcrumb\"},\"inLanguage\":\"fr-FR\",\"potentialAction\":[{\"@type\":\"ReadAction\",\"target\":[\"https:\/\/win4win.ch\/fr\/cgv\/\"]}]},{\"@type\":\"BreadcrumbList\",\"@id\":\"https:\/\/win4win.ch\/fr\/cgv\/#breadcrumb\",\"itemListElement\":[{\"@type\":\"ListItem\",\"position\":1,\"name\":\"Home\",\"item\":\"https:\/\/win4win.ch\/fr\/\"},{\"@type\":\"ListItem\",\"position\":2,\"name\":\"CGV\"}]},{\"@type\":\"WebSite\",\"@id\":\"https:\/\/win4win.ch\/fr\/#website\",\"url\":\"https:\/\/win4win.ch\/fr\/\",\"name\":\"Win4Win Concours et comp\u00e9titions\",\"description\":\"\",\"potentialAction\":[{\"@type\":\"SearchAction\",\"target\":{\"@type\":\"EntryPoint\",\"urlTemplate\":\"https:\/\/win4win.ch\/fr\/?s={search_term_string}\"},\"query-input\":{\"@type\":\"PropertyValueSpecification\",\"valueRequired\":true,\"valueName\":\"search_term_string\"}}],\"inLanguage\":\"fr-FR\"}]}<\/script>\n<!-- \/ Yoast SEO plugin. -->","yoast_head_json":{"title":"Gagnez et r\u00e9jouissez-vous ! Jeux-concours suisses","description":"Participe et gagne de superbes prix ! Les jeux-concours suisses tirent au sort des prix de r\u00eave \u00e0 gagner imm\u00e9diatement.","robots":{"index":"noindex","follow":"follow"},"og_locale":"fr_FR","og_type":"article","og_title":"Gagnez et r\u00e9jouissez-vous ! Jeux-concours suisses","og_description":"Participe et gagne de superbes prix ! Les jeux-concours suisses tirent au sort des prix de r\u00eave \u00e0 gagner imm\u00e9diatement.","og_url":"https:\/\/win4win.ch\/fr\/cgv\/","og_site_name":"Win4Win Concours et comp\u00e9titions","article_publisher":"https:\/\/www.facebook.com\/Win4WinCH\/","article_modified_time":"2025-07-17T07:56:59+00:00","twitter_card":"summary_large_image","twitter_site":"@Win4Win_ch","schema":{"@context":"https:\/\/schema.org","@graph":[{"@type":"WebPage","@id":"https:\/\/win4win.ch\/fr\/cgv\/","url":"https:\/\/win4win.ch\/fr\/cgv\/","name":"Gagnez et r\u00e9jouissez-vous ! Jeux-concours suisses","isPartOf":{"@id":"https:\/\/win4win.ch\/fr\/#website"},"datePublished":"2019-10-31T17:18:07+00:00","dateModified":"2025-07-17T07:56:59+00:00","description":"Participe et gagne de superbes prix ! Les jeux-concours suisses tirent au sort des prix de r\u00eave \u00e0 gagner imm\u00e9diatement.","breadcrumb":{"@id":"https:\/\/win4win.ch\/fr\/cgv\/#breadcrumb"},"inLanguage":"fr-FR","potentialAction":[{"@type":"ReadAction","target":["https:\/\/win4win.ch\/fr\/cgv\/"]}]},{"@type":"BreadcrumbList","@id":"https:\/\/win4win.ch\/fr\/cgv\/#breadcrumb","itemListElement":[{"@type":"ListItem","position":1,"name":"Home","item":"https:\/\/win4win.ch\/fr\/"},{"@type":"ListItem","position":2,"name":"CGV"}]},{"@type":"WebSite","@id":"https:\/\/win4win.ch\/fr\/#website","url":"https:\/\/win4win.ch\/fr\/","name":"Win4Win Concours et comp\u00e9titions","description":"","potentialAction":[{"@type":"SearchAction","target":{"@type":"EntryPoint","urlTemplate":"https:\/\/win4win.ch\/fr\/?s={search_term_string}"},"query-input":{"@type":"PropertyValueSpecification","valueRequired":true,"valueName":"search_term_string"}}],"inLanguage":"fr-FR"}]}},"_links":{"self":[{"href":"https:\/\/win4win.ch\/fr\/wp-json\/wp\/v2\/pages\/6717","targetHints":{"allow":["GET"]}}],"collection":[{"href":"https:\/\/win4win.ch\/fr\/wp-json\/wp\/v2\/pages"}],"about":[{"href":"https:\/\/win4win.ch\/fr\/wp-json\/wp\/v2\/types\/page"}],"author":[{"embeddable":true,"href":"https:\/\/win4win.ch\/fr\/wp-json\/wp\/v2\/users\/3"}],"replies":[{"embeddable":true,"href":"https:\/\/win4win.ch\/fr\/wp-json\/wp\/v2\/comments?post=6717"}],"version-history":[{"count":28,"href":"https:\/\/win4win.ch\/fr\/wp-json\/wp\/v2\/pages\/6717\/revisions"}],"predecessor-version":[{"id":19059,"href":"https:\/\/win4win.ch\/fr\/wp-json\/wp\/v2\/pages\/6717\/revisions\/19059"}],"wp:attachment":[{"href":"https:\/\/win4win.ch\/fr\/wp-json\/wp\/v2\/media?parent=6717"}],"curies":[{"name":"wp","href":"https:\/\/api.w.org\/{rel}","templated":true}]}}