{"id":19017,"date":"2025-07-08T11:19:34","date_gmt":"2025-07-08T09:19:34","guid":{"rendered":"https:\/\/win4win.ch\/fr\/?page_id=19017"},"modified":"2026-03-09T09:21:31","modified_gmt":"2026-03-09T08:21:31","slug":"thank-you-page-new","status":"publish","type":"page","link":"https:\/\/win4win.ch\/fr\/thank-you-page-new\/","title":{"rendered":"Thank you page new"},"content":{"rendered":"<section class=\"thank thankn\">\n\t        <div class=\"thank__bg bg\">\n            <noscript><picture class=\"visible-tablet\">\n\t\t\t\t<img decoding=\"async\" width=\"1600\" height=\"320\" src=\"https:\/\/win4win.ch\/fr\/wp-content\/uploads\/sites\/2\/thank-bg.jpg\" class=\"attachment-full size-full\" alt srcset=\"https:\/\/win4win.ch\/fr\/wp-content\/uploads\/sites\/2\/thank-bg.jpg 1600w, https:\/\/win4win.ch\/fr\/wp-content\/uploads\/sites\/2\/thank-bg-1024x205.jpg 1024w, https:\/\/win4win.ch\/fr\/wp-content\/uploads\/sites\/2\/thank-bg-768x154.jpg 768w, https:\/\/win4win.ch\/fr\/wp-content\/uploads\/sites\/2\/thank-bg-1536x307.jpg 1536w\" sizes=\"(max-width: 1600px) 100vw, 1600px\">            <\/picture><\/noscript><picture class=\"visible-tablet\">\n\t\t\t\t<img decoding=\"async\" width=\"1600\" height=\"320\" src=\"data:image\/svg+xml,%3Csvg%20xmlns%3D%22http%3A%2F%2Fwww.w3.org%2F2000%2Fsvg%22%20viewBox%3D%220%200%201600%20320%22%3E%3C%2Fsvg%3E\" class=\"attachment-full size-full lazyload\" alt srcset=\"data:image\/svg+xml,%3Csvg%20xmlns%3D%22http%3A%2F%2Fwww.w3.org%2F2000%2Fsvg%22%20viewBox%3D%220%200%201600%20320%22%3E%3C%2Fsvg%3E 1600w\" sizes=\"(max-width: 1600px) 100vw, 1600px\" data-srcset=\"https:\/\/win4win.ch\/fr\/wp-content\/uploads\/sites\/2\/thank-bg.jpg 1600w, https:\/\/win4win.ch\/fr\/wp-content\/uploads\/sites\/2\/thank-bg-1024x205.jpg 1024w, https:\/\/win4win.ch\/fr\/wp-content\/uploads\/sites\/2\/thank-bg-768x154.jpg 768w, https:\/\/win4win.ch\/fr\/wp-content\/uploads\/sites\/2\/thank-bg-1536x307.jpg 1536w\" data-src=\"https:\/\/win4win.ch\/fr\/wp-content\/uploads\/sites\/2\/thank-bg.jpg\">            <\/picture>\n        <\/div>\n\t    <div class=\"thankn__btn visible-tablet\">\n        <noscript><picture>\n            <img decoding=\"async\" src=\"https:\/\/win4win.ch\/fr\/wp-content\/themes\/general\/frontend\/assets\/img\/arrow-down.svg\" alt=\"#\" width=\"16\" height=\"24\">\n        <\/picture><\/noscript><picture>\n            <img decoding=\"async\" src=\"data:image\/svg+xml,%3Csvg%20xmlns%3D%22http%3A%2F%2Fwww.w3.org%2F2000%2Fsvg%22%20viewBox%3D%220%200%2016%2024%22%3E%3C%2Fsvg%3E\" alt=\"#\" width=\"16\" height=\"24\" data-src=\"https:\/\/win4win.ch\/fr\/wp-content\/themes\/general\/frontend\/assets\/img\/arrow-down.svg\" class=\" lazyload\">\n        <\/picture>\n    <\/div>\n\t        <div class=\"thankn-line-1\">\n            <noscript><picture>\n\t\t\t\t<img decoding=\"async\" width=\"123\" height=\"181\" src=\"https:\/\/win4win.ch\/fr\/wp-content\/uploads\/sites\/2\/thankn-line-01.png\" class=\"attachment-full size-full\" alt>            <\/picture><\/noscript><picture>\n\t\t\t\t<img decoding=\"async\" width=\"123\" height=\"181\" src=\"data:image\/svg+xml,%3Csvg%20xmlns%3D%22http%3A%2F%2Fwww.w3.org%2F2000%2Fsvg%22%20viewBox%3D%220%200%20123%20181%22%3E%3C%2Fsvg%3E\" class=\"attachment-full size-full lazyload\" alt data-src=\"https:\/\/win4win.ch\/fr\/wp-content\/uploads\/sites\/2\/thankn-line-01.png\">            <\/picture>\n        <\/div>\n\t\t        <div class=\"thankn-line-2 visible-tablet\">\n            <noscript><picture>\n\t\t\t\t<img decoding=\"async\" width=\"159\" height=\"184\" src=\"https:\/\/win4win.ch\/fr\/wp-content\/uploads\/sites\/2\/thankn-line-02.png\" class=\"attachment-full size-full\" alt>            <\/picture><\/noscript><picture>\n\t\t\t\t<img decoding=\"async\" width=\"159\" height=\"184\" src=\"data:image\/svg+xml,%3Csvg%20xmlns%3D%22http%3A%2F%2Fwww.w3.org%2F2000%2Fsvg%22%20viewBox%3D%220%200%20159%20184%22%3E%3C%2Fsvg%3E\" class=\"attachment-full size-full lazyload\" alt data-src=\"https:\/\/win4win.ch\/fr\/wp-content\/uploads\/sites\/2\/thankn-line-02.png\">            <\/picture>\n        <\/div>\n\t\t        <div class=\"thankn__banner\">\n            <div><p><b>Nous serions ravis<br class=\"hidden-tablet\">\n<\/b><b>de conna\u00eetre ton avis.<\/b><\/p>\n<\/div>\n            <a href=\"https:\/\/www.google.com\/maps\/place\/Win4Win+Wettbewerb+%26+Gewinnspiel+Schweiz\/@47.1813139,8.5190122,17z\/data=!3m1!4b1!4m6!3m5!1s0x4790004967359ee7:0xb6e8e2d55bd891cb!8m2!3d47.1813139!4d8.5190122!16s%2Fg%2F11f4pm24dw?entry=ttu&#038;g_ep=EgoyMDI0MDkwOC4wIKXMDSoASAFQAw%3D%3D\" class=\"google-rating\" target=\"_blank\">\n                <noscript><picture>\n\t\t\t\t\t<img decoding=\"async\" src=\"https:\/\/win4win.ch\/fr\/wp-content\/uploads\/sites\/2\/google-rating.svg\" class=\"attachment-full size-full\" alt>                <\/picture><\/noscript><picture>\n\t\t\t\t\t<img decoding=\"async\" src=\"data:image\/gif;base64,R0lGODlhAQABAIAAAAAAAP\/\/\/yH5BAEAAAAALAAAAAABAAEAAAIBRAA7\" class=\"attachment-full size-full lazyload\" alt data-src=\"https:\/\/win4win.ch\/fr\/wp-content\/uploads\/sites\/2\/google-rating.svg\">                <\/picture>\n            <\/a>\n        <\/div>\n\t    <div class=\"container\">\n        <div class=\"thankn__wrapper\">\n\t\t\t                <div class=\"thankn__title\">MERCI BEAUCOUP.<\/div>\n\t\t\t\t\t\t                <div class=\"thankn__text\">Tous les membres de notre communaut\u00e9 Win4Win ont acc\u00e8s \u00e0 des concours et des bons d&#039;achat exclusifs.<\/div>\n\t\t\t\t\t\t\t\t\t\t<p>Afin que ta participation puisse \u00eatre valid\u00e9e, tu recevras imm\u00e9diatement un e-mail de notre part. <br class=\"hidden-tablet\">Merci de bien vouloir confirmer bri\u00e8vement que tu as bien particip\u00e9.<\/p>\n\t\t\t        <\/div>\n    <\/div>\n<\/section>\n\n\n\n    <section class=\"interested interested_new block-interested-new\" id=\"interested-new-684aabde65477\">\n        <div class=\"container container_lg\">\n\t\t\t                <div class=\"interested__head text-center\">\n                    <h2 class=\"h4-title\">Cela pourrait \u00e9galement t&#039;int\u00e9resser :<\/h2>\n                <\/div>\n\t\t\t            <div class=\"interested__swiper\">\n                <div class=\"swiper js-interested-slider\">\n                    <div class=\"swiper-wrapper\">\n\t\t\t\t\t\t                            <div class=\"swiper-slide\">\n\t\t\t\t\t\t\t\t\t\t\t\t\t\t\t\t\t                                    <div class=\"game-card__toplogo\">\n                                        <a href=\"https:\/\/win4win.ch\/fr\/concours\/mycasino-concours-suisse\/\">\n                                            <noscript><picture>\n\t\t\t\t\t\t\t\t\t\t\t\t<img decoding=\"async\" width=\"300\" height=\"220\" src=\"https:\/\/win4win.ch\/fr\/wp-content\/uploads\/sites\/2\/Final-Logo-Win4Win-new-300220px-5.png\" class=\"attachment-full size-full\" alt>                                            <\/picture><\/noscript><picture>\n\t\t\t\t\t\t\t\t\t\t\t\t<img decoding=\"async\" width=\"300\" height=\"220\" src=\"data:image\/svg+xml,%3Csvg%20xmlns%3D%22http%3A%2F%2Fwww.w3.org%2F2000%2Fsvg%22%20viewBox%3D%220%200%20300%20220%22%3E%3C%2Fsvg%3E\" class=\"attachment-full size-full lazyload\" alt data-src=\"https:\/\/win4win.ch\/fr\/wp-content\/uploads\/sites\/2\/Final-Logo-Win4Win-new-300220px-5.png\">                                            <\/picture>\n                                        <\/a>\n                                    <\/div>\n\t\t\t\t\t\t\t\t                                    <div class=\"game-card game-card_lg game-card_type3\">\n\n\n\t\t\t\t\t\t\t\t\t\t                                            <div class=\"game-card__media\">\n                                                <noscript><picture class=\"visible-tablet\">\n\t\t\t\t\t\t\t\t\t\t\t\t\t<img decoding=\"async\" width=\"464\" height=\"473\" src=\"https:\/\/win4win.ch\/fr\/wp-content\/uploads\/sites\/2\/2024\/12\/FINAL-NEW-WEBSITE-Short-featured-image-464x473px-2.gif\" class=\"attachment-464x514 size-464x514\" alt=\"mycsino monthly raffle - gagner de l&#039;argent bonus maintenant 1\">                                                <\/picture><\/noscript><picture class=\"visible-tablet\">\n\t\t\t\t\t\t\t\t\t\t\t\t\t<img decoding=\"async\" width=\"464\" height=\"473\" src=\"data:image\/svg+xml,%3Csvg%20xmlns%3D%22http%3A%2F%2Fwww.w3.org%2F2000%2Fsvg%22%20viewBox%3D%220%200%20464%20473%22%3E%3C%2Fsvg%3E\" class=\"attachment-464x514 size-464x514 lazyload\" alt=\"mycsino monthly raffle - gagner de l&#039;argent bonus maintenant 1\" data-src=\"https:\/\/win4win.ch\/fr\/wp-content\/uploads\/sites\/2\/2024\/12\/FINAL-NEW-WEBSITE-Short-featured-image-464x473px-2.gif\">                                                <\/picture>\n                                                <noscript><picture class=\"hidden-tablet\">\n\t\t\t\t\t\t\t\t\t\t\t\t\t<img decoding=\"async\" width=\"464\" height=\"473\" src=\"https:\/\/win4win.ch\/fr\/wp-content\/uploads\/sites\/2\/2024\/12\/FINAL-NEW-WEBSITE-Short-featured-image-464x473px-2.gif\" class=\"attachment-464x514 size-464x514\" alt=\"mycsino monthly raffle - gagner de l&#039;argent bonus maintenant 1\">                                                <\/picture><\/noscript><picture class=\"hidden-tablet\">\n\t\t\t\t\t\t\t\t\t\t\t\t\t<img decoding=\"async\" width=\"464\" height=\"473\" src=\"data:image\/svg+xml,%3Csvg%20xmlns%3D%22http%3A%2F%2Fwww.w3.org%2F2000%2Fsvg%22%20viewBox%3D%220%200%20464%20473%22%3E%3C%2Fsvg%3E\" class=\"attachment-464x514 size-464x514 lazyload\" alt=\"mycsino monthly raffle - gagner de l&#039;argent bonus maintenant 1\" data-src=\"https:\/\/win4win.ch\/fr\/wp-content\/uploads\/sites\/2\/2024\/12\/FINAL-NEW-WEBSITE-Short-featured-image-464x473px-2.gif\">                                                <\/picture>\n                                            <\/div>\n\t\t\t\t\t\t\t\t\t\t\n\t\t\t\t\t\t\t\t\t\t\t\t\t\t\t\t\t\t\t\t<div class=\"music-btn js-musicStop\">\n    <i class=\"icon-sound\"><\/i>\n<\/div>\n                                        <div class=\"game-card__footer\">\n                                            <div class=\"btop\">\n                                                <div class=\"game-cars__text\">\n                                                    <h3 class=\"game-card__title\">mycasino Concours suisse<\/h3>\n\t\t\t\t\t\t\t\t\t\t\t\t\t                                                        <div class=\"game-card__desc\">Jeu-concours Lucky Draw &#8211; CHF 1&rsquo;000 d&rsquo;argent bonus \ud83c\udf40\ud83d\udcb0<\/div>\n\t\t\t\t\t\t\t\t\t\t\t\t\t                                                <\/div>\n                                            <\/div>\n\t\t\t\t\t\t\t\t\t\t\t                                                <a href=\"https:\/\/win4win.ch\/fr\/concours\/mycasino-concours-suisse\/\" class=\"btn btn_border btn_sm\">\n\t\t\t\t\t\t\t\t\t\t\t\t\tSur le concours                                                <\/a>\n\t\t\t\t\t\t\t\t\t\t\t                                        <\/div>\n                                    <\/div>\n\n\t\t\t\t\t\t\t\t                            <\/div>\n\t\t\t\t\t\t                            <div class=\"swiper-slide\">\n\t\t\t\t\t\t\t\t\t\t\t\t\t\t\t\t\t                                    <div class=\"game-card__toplogo\">\n                                        <a href=\"https:\/\/win4win.ch\/fr\/concours\/concordia-concours-suisse\/\">\n                                            <noscript><picture>\n\t\t\t\t\t\t\t\t\t\t\t\t<img decoding=\"async\" width=\"129\" height=\"40\" src=\"https:\/\/win4win.ch\/fr\/wp-content\/uploads\/sites\/2\/2024\/12\/Final-Logo-Win4Win-gross-overviewpage-new-129-x-220-px-3.png\" class=\"attachment-full size-full\" alt=\"Logo Concordia concours\">                                            <\/picture><\/noscript><picture>\n\t\t\t\t\t\t\t\t\t\t\t\t<img decoding=\"async\" width=\"129\" height=\"40\" src=\"data:image\/svg+xml,%3Csvg%20xmlns%3D%22http%3A%2F%2Fwww.w3.org%2F2000%2Fsvg%22%20viewBox%3D%220%200%20129%2040%22%3E%3C%2Fsvg%3E\" class=\"attachment-full size-full lazyload\" alt=\"Logo Concordia concours\" data-src=\"https:\/\/win4win.ch\/fr\/wp-content\/uploads\/sites\/2\/2024\/12\/Final-Logo-Win4Win-gross-overviewpage-new-129-x-220-px-3.png\">                                            <\/picture>\n                                        <\/a>\n                                    <\/div>\n\t\t\t\t\t\t\t\t                                    <div class=\"game-card game-card_lg game-card_type3\">\n\n\n\t\t\t\t\t\t\t\t\t\t                                            <div class=\"game-card__media\">\n                                                <noscript><picture class=\"visible-tablet\">\n\t\t\t\t\t\t\t\t\t\t\t\t\t<img decoding=\"async\" width=\"464\" height=\"473\" src=\"https:\/\/win4win.ch\/fr\/wp-content\/uploads\/sites\/2\/2026\/03\/FINAL-NEW-WEBSITE-Short-featured-image-464x473px-85.png\" class=\"attachment-464x514 size-464x514\" alt>                                                <\/picture><\/noscript><picture class=\"visible-tablet\">\n\t\t\t\t\t\t\t\t\t\t\t\t\t<img decoding=\"async\" width=\"464\" height=\"473\" src=\"data:image\/svg+xml,%3Csvg%20xmlns%3D%22http%3A%2F%2Fwww.w3.org%2F2000%2Fsvg%22%20viewBox%3D%220%200%20464%20473%22%3E%3C%2Fsvg%3E\" class=\"attachment-464x514 size-464x514 lazyload\" alt data-src=\"https:\/\/win4win.ch\/fr\/wp-content\/uploads\/sites\/2\/2026\/03\/FINAL-NEW-WEBSITE-Short-featured-image-464x473px-85.png\">                                                <\/picture>\n                                                <noscript><picture class=\"hidden-tablet\">\n\t\t\t\t\t\t\t\t\t\t\t\t\t<img decoding=\"async\" width=\"464\" height=\"473\" src=\"https:\/\/win4win.ch\/fr\/wp-content\/uploads\/sites\/2\/2026\/03\/FINAL-NEW-WEBSITE-Short-featured-image-464x473px-85.png\" class=\"attachment-464x514 size-464x514\" alt>                                                <\/picture><\/noscript><picture class=\"hidden-tablet\">\n\t\t\t\t\t\t\t\t\t\t\t\t\t<img decoding=\"async\" width=\"464\" height=\"473\" src=\"data:image\/svg+xml,%3Csvg%20xmlns%3D%22http%3A%2F%2Fwww.w3.org%2F2000%2Fsvg%22%20viewBox%3D%220%200%20464%20473%22%3E%3C%2Fsvg%3E\" class=\"attachment-464x514 size-464x514 lazyload\" alt data-src=\"https:\/\/win4win.ch\/fr\/wp-content\/uploads\/sites\/2\/2026\/03\/FINAL-NEW-WEBSITE-Short-featured-image-464x473px-85.png\">                                                <\/picture>\n                                            <\/div>\n\t\t\t\t\t\t\t\t\t\t\n\t\t\t\t\t\t\t\t\t\t\t\t\t\t\t\t\t\t\t\t<div class=\"music-btn js-musicStop\">\n    <i class=\"icon-sound\"><\/i>\n<\/div>\n                                        <div class=\"game-card__footer\">\n                                            <div class=\"btop\">\n                                                <div class=\"game-cars__text\">\n                                                    <h3 class=\"game-card__title\">CONCORDIA Concours Suisse<\/h3>\n\t\t\t\t\t\t\t\t\t\t\t\t\t                                                        <div class=\"game-card__desc\">Gagne l&rsquo;une des 10 cartes cadeaux d&rsquo;une valeur de CHF 250 !<\/div>\n\t\t\t\t\t\t\t\t\t\t\t\t\t                                                <\/div>\n                                            <\/div>\n\t\t\t\t\t\t\t\t\t\t\t                                                <a href=\"https:\/\/win4win.ch\/fr\/concours\/concordia-concours-suisse\/\" class=\"btn btn_border btn_sm\">\n\t\t\t\t\t\t\t\t\t\t\t\t\tSur le concours                                                <\/a>\n\t\t\t\t\t\t\t\t\t\t\t                                        <\/div>\n                                    <\/div>\n\n\t\t\t\t\t\t\t\t                            <\/div>\n\t\t\t\t\t\t                    <\/div>\n                <\/div>\n            <\/div>\n        <\/div>\n    <\/section>\n","protected":false},"excerpt":{"rendered":"","protected":false},"author":2,"featured_media":0,"parent":0,"menu_order":0,"comment_status":"closed","ping_status":"closed","template":"","meta":{"_acf_changed":false,"footnotes":""},"class_list":["post-19017","page","type-page","status-publish","hentry"],"acf":[],"yoast_head":"<!-- This site is optimized with the Yoast SEO plugin v26.9 - https:\/\/yoast.com\/product\/yoast-seo-wordpress\/ -->\n<title>Thank you page new - Win4Win Concours et comp\u00e9titions<\/title>\n<meta name=\"robots\" content=\"index, follow, max-snippet:-1, max-image-preview:large, max-video-preview:-1\" \/>\n<link rel=\"canonical\" href=\"https:\/\/win4win.ch\/fr\/thank-you-page-new\/\" \/>\n<meta property=\"og:locale\" content=\"fr_FR\" \/>\n<meta property=\"og:type\" content=\"article\" \/>\n<meta property=\"og:title\" content=\"Thank you page new - Win4Win Concours et comp\u00e9titions\" \/>\n<meta property=\"og:url\" content=\"https:\/\/win4win.ch\/fr\/thank-you-page-new\/\" \/>\n<meta property=\"og:site_name\" content=\"Win4Win Concours et comp\u00e9titions\" \/>\n<meta property=\"article:publisher\" content=\"https:\/\/www.facebook.com\/Win4WinCH\/\" \/>\n<meta property=\"article:modified_time\" content=\"2026-03-09T08:21:31+00:00\" \/>\n<meta name=\"twitter:card\" content=\"summary_large_image\" \/>\n<meta name=\"twitter:site\" content=\"@Win4Win_ch\" \/>\n<script type=\"application\/ld+json\" class=\"yoast-schema-graph\">{\"@context\":\"https:\/\/schema.org\",\"@graph\":[{\"@type\":\"WebPage\",\"@id\":\"https:\/\/win4win.ch\/fr\/thank-you-page-new\/\",\"url\":\"https:\/\/win4win.ch\/fr\/thank-you-page-new\/\",\"name\":\"Thank you page new - Win4Win Concours et comp\u00e9titions\",\"isPartOf\":{\"@id\":\"https:\/\/win4win.ch\/fr\/#website\"},\"datePublished\":\"2025-07-08T09:19:34+00:00\",\"dateModified\":\"2026-03-09T08:21:31+00:00\",\"breadcrumb\":{\"@id\":\"https:\/\/win4win.ch\/fr\/thank-you-page-new\/#breadcrumb\"},\"inLanguage\":\"fr-FR\",\"potentialAction\":[{\"@type\":\"ReadAction\",\"target\":[\"https:\/\/win4win.ch\/fr\/thank-you-page-new\/\"]}]},{\"@type\":\"BreadcrumbList\",\"@id\":\"https:\/\/win4win.ch\/fr\/thank-you-page-new\/#breadcrumb\",\"itemListElement\":[{\"@type\":\"ListItem\",\"position\":1,\"name\":\"Home\",\"item\":\"https:\/\/win4win.ch\/fr\/\"},{\"@type\":\"ListItem\",\"position\":2,\"name\":\"Thank you page new\"}]},{\"@type\":\"WebSite\",\"@id\":\"https:\/\/win4win.ch\/fr\/#website\",\"url\":\"https:\/\/win4win.ch\/fr\/\",\"name\":\"Win4Win Concours et comp\u00e9titions\",\"description\":\"\",\"potentialAction\":[{\"@type\":\"SearchAction\",\"target\":{\"@type\":\"EntryPoint\",\"urlTemplate\":\"https:\/\/win4win.ch\/fr\/?s={search_term_string}\"},\"query-input\":{\"@type\":\"PropertyValueSpecification\",\"valueRequired\":true,\"valueName\":\"search_term_string\"}}],\"inLanguage\":\"fr-FR\"}]}<\/script>\n<!-- \/ Yoast SEO plugin. -->","yoast_head_json":{"title":"Thank you page new - Win4Win Concours et comp\u00e9titions","robots":{"index":"index","follow":"follow","max-snippet":"max-snippet:-1","max-image-preview":"max-image-preview:large","max-video-preview":"max-video-preview:-1"},"canonical":"https:\/\/win4win.ch\/fr\/thank-you-page-new\/","og_locale":"fr_FR","og_type":"article","og_title":"Thank you page new - Win4Win Concours et comp\u00e9titions","og_url":"https:\/\/win4win.ch\/fr\/thank-you-page-new\/","og_site_name":"Win4Win Concours et comp\u00e9titions","article_publisher":"https:\/\/www.facebook.com\/Win4WinCH\/","article_modified_time":"2026-03-09T08:21:31+00:00","twitter_card":"summary_large_image","twitter_site":"@Win4Win_ch","schema":{"@context":"https:\/\/schema.org","@graph":[{"@type":"WebPage","@id":"https:\/\/win4win.ch\/fr\/thank-you-page-new\/","url":"https:\/\/win4win.ch\/fr\/thank-you-page-new\/","name":"Thank you page new - Win4Win Concours et comp\u00e9titions","isPartOf":{"@id":"https:\/\/win4win.ch\/fr\/#website"},"datePublished":"2025-07-08T09:19:34+00:00","dateModified":"2026-03-09T08:21:31+00:00","breadcrumb":{"@id":"https:\/\/win4win.ch\/fr\/thank-you-page-new\/#breadcrumb"},"inLanguage":"fr-FR","potentialAction":[{"@type":"ReadAction","target":["https:\/\/win4win.ch\/fr\/thank-you-page-new\/"]}]},{"@type":"BreadcrumbList","@id":"https:\/\/win4win.ch\/fr\/thank-you-page-new\/#breadcrumb","itemListElement":[{"@type":"ListItem","position":1,"name":"Home","item":"https:\/\/win4win.ch\/fr\/"},{"@type":"ListItem","position":2,"name":"Thank you page new"}]},{"@type":"WebSite","@id":"https:\/\/win4win.ch\/fr\/#website","url":"https:\/\/win4win.ch\/fr\/","name":"Win4Win Concours et comp\u00e9titions","description":"","potentialAction":[{"@type":"SearchAction","target":{"@type":"EntryPoint","urlTemplate":"https:\/\/win4win.ch\/fr\/?s={search_term_string}"},"query-input":{"@type":"PropertyValueSpecification","valueRequired":true,"valueName":"search_term_string"}}],"inLanguage":"fr-FR"}]}},"_links":{"self":[{"href":"https:\/\/win4win.ch\/fr\/wp-json\/wp\/v2\/pages\/19017","targetHints":{"allow":["GET"]}}],"collection":[{"href":"https:\/\/win4win.ch\/fr\/wp-json\/wp\/v2\/pages"}],"about":[{"href":"https:\/\/win4win.ch\/fr\/wp-json\/wp\/v2\/types\/page"}],"author":[{"embeddable":true,"href":"https:\/\/win4win.ch\/fr\/wp-json\/wp\/v2\/users\/2"}],"replies":[{"embeddable":true,"href":"https:\/\/win4win.ch\/fr\/wp-json\/wp\/v2\/comments?post=19017"}],"version-history":[{"count":16,"href":"https:\/\/win4win.ch\/fr\/wp-json\/wp\/v2\/pages\/19017\/revisions"}],"predecessor-version":[{"id":20510,"href":"https:\/\/win4win.ch\/fr\/wp-json\/wp\/v2\/pages\/19017\/revisions\/20510"}],"wp:attachment":[{"href":"https:\/\/win4win.ch\/fr\/wp-json\/wp\/v2\/media?parent=19017"}],"curies":[{"name":"wp","href":"https:\/\/api.w.org\/{rel}","templated":true}]}}