{"id":16649,"date":"2024-10-31T06:13:43","date_gmt":"2024-10-31T06:13:43","guid":{"rendered":"http:\/\/win4win.ch\/fr\/?page_id=16649"},"modified":"2025-02-20T16:34:04","modified_gmt":"2025-02-20T15:34:04","slug":"contact","status":"publish","type":"page","link":"https:\/\/win4win.ch\/fr\/contact\/","title":{"rendered":"Contact"},"content":{"rendered":"<div id=\"contact-67b74b6c064b2\" class=\"contact\">\n    <div class=\"contact__bg bg visible-tablet\">\n        <noscript><picture>\n            <img decoding=\"async\" src=\"https:\/\/win4win.ch\/fr\/wp-content\/themes\/general\/frontend\/assets\/img\/contact-bg.jpg\" alt=\"#\" width=\"1600\" height=\"320\">\n        <\/picture><\/noscript><picture>\n            <img decoding=\"async\" src=\"data:image\/svg+xml,%3Csvg%20xmlns%3D%22http%3A%2F%2Fwww.w3.org%2F2000%2Fsvg%22%20viewBox%3D%220%200%201600%20320%22%3E%3C%2Fsvg%3E\" alt=\"#\" width=\"1600\" height=\"320\" data-src=\"https:\/\/win4win.ch\/fr\/wp-content\/themes\/general\/frontend\/assets\/img\/contact-bg.jpg\" class=\" lazyload\">\n        <\/picture>\n    <\/div>\n    <div class=\"container container_lg\">\n        <div class=\"contact__left\">\n            <div class=\"contact__head\">\n                                <h1 class=\"h2-title\">CONTACTE-NOUS<\/h1>\n                \n                <p>Tu as des questions ou des demandes ? Notre \u00e9quipe se tient \u00e0 ta disposition ! Utilise simplement le formulaire de contact et nous te r\u00e9pondrons le plus rapidement possible.<\/p>\n            <\/div>\n            <div class=\"contact__body\">\n                                <h4 class=\"h4-title\">Restons en contact<\/h4>\n                \n                <div class=\"contact__social\">\n                                        <div>\n                        <a href=\"tel:410417842380\"><i class=\"icon-phone\"><\/i>+41 (0) 41 784 23 80<\/a>\n                    <\/div>\n                    \n                    \n                                        <address class=\"address\"><i class=\"icon-location\"><\/i>ONELINE AG, Baarerstrasse 139<br>\n6300 Zug, Schweiz<\/address>\n                                    <\/div>\n                \n\t                            <div>\n                    <a href=\"https:\/\/www.google.com\/maps\/place\/Win4Win+Wettbewerb+%26+Gewinnspiel+Schweiz\/@47.1813139,8.5190122,15z\/data=!4m2!3m1!1s0x0:0xb6e8e2d55bd891cb?sa=X&#038;ved=1t:2428&#038;ictx=111\" target=\"_blank\" class=\"btn btn_primary btn_mobFull\">Voir sur la carte<\/a>\n                <\/div>\n                            <\/div>\n        <\/div>\n        <div class=\"contact__right\">\n            <div class=\"primary-form\">\n                                <noscript><picture class=\"visible-tablet form-line-01\">\n                    <img decoding=\"async\" width=\"1\" height=\"1\" src=\"https:\/\/win4win.ch\/fr\/wp-content\/uploads\/sites\/2\/form-line-01.svg\" class=\"attachment-269x282 size-269x282\" alt>                <\/picture><\/noscript><picture class=\"visible-tablet form-line-01\">\n                    <img decoding=\"async\" width=\"1\" height=\"1\" src=\"data:image\/svg+xml,%3Csvg%20xmlns%3D%22http%3A%2F%2Fwww.w3.org%2F2000%2Fsvg%22%20viewBox%3D%220%200%201%201%22%3E%3C%2Fsvg%3E\" class=\"attachment-269x282 size-269x282 lazyload\" alt data-src=\"https:\/\/win4win.ch\/fr\/wp-content\/uploads\/sites\/2\/form-line-01.svg\">                <\/picture>\n                \n                                <noscript><picture class=\"visible-tablet form-line-02\">\n                    <img decoding=\"async\" width=\"1\" height=\"1\" src=\"https:\/\/win4win.ch\/fr\/wp-content\/uploads\/sites\/2\/form-line-02.svg\" class=\"attachment-247x247 size-247x247\" alt>                <\/picture><\/noscript><picture class=\"visible-tablet form-line-02\">\n                    <img decoding=\"async\" width=\"1\" height=\"1\" src=\"data:image\/svg+xml,%3Csvg%20xmlns%3D%22http%3A%2F%2Fwww.w3.org%2F2000%2Fsvg%22%20viewBox%3D%220%200%201%201%22%3E%3C%2Fsvg%3E\" class=\"attachment-247x247 size-247x247 lazyload\" alt data-src=\"https:\/\/win4win.ch\/fr\/wp-content\/uploads\/sites\/2\/form-line-02.svg\">                <\/picture>\n                \n                                <noscript><picture class=\"visible-tablet form-controller\">\n                    <img decoding=\"async\" width=\"1\" height=\"1\" src=\"https:\/\/win4win.ch\/fr\/wp-content\/uploads\/sites\/2\/form-controller.svg\" class=\"attachment-194x159 size-194x159\" alt>                <\/picture><\/noscript><picture class=\"visible-tablet form-controller\">\n                    <img decoding=\"async\" width=\"1\" height=\"1\" src=\"data:image\/svg+xml,%3Csvg%20xmlns%3D%22http%3A%2F%2Fwww.w3.org%2F2000%2Fsvg%22%20viewBox%3D%220%200%201%201%22%3E%3C%2Fsvg%3E\" class=\"attachment-194x159 size-194x159 lazyload\" alt data-src=\"https:\/\/win4win.ch\/fr\/wp-content\/uploads\/sites\/2\/form-controller.svg\">                <\/picture>\n                                <div class=\"primary-form__body\">\n                                        <h4 class=\"h4-title\">Pose ta question<\/h4>\n                    \n                    <form id=\"contactForm\" action=\"#\" data-redirect-url=\"https:\/\/win4win.ch\/fr\/thanks-for-participation\/\" data-action=\"che_send_theme_mail\" autocomplete=\"off\">\n    <input type=\"hidden\" id=\"contact_form_security\" name=\"contact_form_security\" value=\"938411cc44\"><input type=\"hidden\" name=\"_wp_http_referer\" value=\"\/fr\/wp-json\/wp\/v2\/pages\/16649\">\n        <div class=\"form-group\">\n        <label>Formule d&rsquo;appel<\/label>\n        <div>\n            <div class=\"custom-control custom-radio\">\n                <input type=\"radio\" name=\"anrede\" class=\"custom-control-input\" id=\"herr\" checked>\n                <label class=\"custom-control-label\" for=\"herr\">Monsieur<\/label> \n            <\/div>\n            <div class=\"custom-control custom-radio\">\n                <input type=\"radio\" name=\"anrede\" class=\"custom-control-input\" id=\"frau\">\n                <label class=\"custom-control-label\" for=\"frau\">Madame<\/label>\n            <\/div>\n        <\/div>\n    <\/div>\n    \n        <div class=\"form-row\">\n        <label>Nom et pr\u00e9nom<\/label>\n        <div>\n            <div class=\"form-group\">\n                <input type=\"text\" id=\"firstName\" name=\"first_name\" class=\"form-control\" placeholder=\"Ton pr\u00e9nom\" required>\n            <\/div>\n            <div class=\"form-group\">\n                <input type=\"text\" id=\"lastName\" name=\"last_name\" class=\"form-control\" placeholder=\"Ton nom\" required>\n            <\/div>\n        <\/div>\n    <\/div>\n    \n        <div class=\"form-group\">\n        <label>Adresse e-mail<\/label>\n        <input type=\"email\" id=\"email\" name=\"e-mail\" class=\"form-control\" placeholder=\"Ton adresse e-mail\" required>\n        <div class=\"error-message\">Mauvais format de donn\u00e9es<\/div>\n    <\/div>\n        \n        <div class=\"form-group\">\n        <label>Num\u00e9ro de t\u00e9l\u00e9phone<\/label>\n        <div>\n            <input id=\"phone\" name=\"phone\" class=\"form-control phoneCountry\" type=\"tel\">\n            <div class=\"error-message\">Mauvais format de donn\u00e9es<\/div>\n        <\/div>\n    <\/div>\n    \n        <div class=\"form-group\">\n        <label>Message<\/label>\n        <textarea id=\"message\" name=\"message\" class=\"form-control\" placeholder=\"Ton message...\" required><\/textarea>\n    <\/div>\n    \n    <div class=\"form-group form-footer\">\n        <input type=\"submit\" class=\"btn btn_primary btn_block\" value=\"Envoyer le message\">\n    <\/div>\n<\/form>                <\/div>\n            <\/div>\n        <\/div>\n    <\/div>\n<\/div>\n\n\n<section id=\"faq-67b74b6c0653a\" class=\"faq\">\n    <div class=\"container\">\n        <div class=\"faq__head section-head text-center\">\n\t        <h3 class=\"h2-title\">Foire aux questions<\/h3>\n\t\t<p>Tu as des questions ? Tu trouveras ici les r\u00e9ponses. Si une question reste sans r\u00e9ponse<br>\nn&rsquo;h\u00e9site pas \u00e0 nous contacter.<\/p>\n    <\/div>\n\n\t        <div class=\"faq__body\">\n            <div class=\"accordion\">\n\t\t\t\t                    <div class=\"accordion-item\">\n                        <div class=\"accordion-header\">\n\t\t\t\t\t\t\tO\u00f9 trouver des jeux-concours ?                        <\/div>\n                        <div class=\"accordion-content\">\n                            <div class=\"accordion-content__inner\">\n\t\t\t\t\t\t\t\tTu trouveras des jeux-concours s\u00e9rieux sur plusieurs grands sites de jeux-concours, qui sont actualis\u00e9s quotidiennement. Une simple recherche Google avec le mot \u00ab jeu-concours \u00bb montre d\u00e9j\u00e0 de nombreuses options &#8211; mais fais toujours attention \u00e0 la fiabilit\u00e9 des sites. De nouveaux jeux-concours sont \u00e9galement publi\u00e9s quotidiennement dans des groupes sp\u00e9ciaux sur Facebook, que tu peux v\u00e9rifier et auxquels tu peux participer directement.                            <\/div>\n                        <\/div>\n                    <\/div>\n\t\t\t\t                    <div class=\"accordion-item\">\n                        <div class=\"accordion-header\">\n\t\t\t\t\t\t\tO\u00f9 trouver des jeux-concours o\u00f9 l&rsquo;on gagne toujours quelque chose ?                        <\/div>\n                        <div class=\"accordion-content\">\n                            <div class=\"accordion-content__inner\">\n\t\t\t\t\t\t\t\tLes jeux-concours o\u00f9 tout le monde gagne quelque chose proposent souvent des bons d&rsquo;achat li\u00e9s \u00e0 un montant minimum d&rsquo;achat. Toutefois, certains jeux-concours attribuent \u00e9galement de petits prix sans conditions, de sorte que chaque participant a une chance de gagner.                            <\/div>\n                        <\/div>\n                    <\/div>\n\t\t\t\t                    <div class=\"accordion-item\">\n                        <div class=\"accordion-header\">\n\t\t\t\t\t\t\tComment participer aux concours ?                        <\/div>\n                        <div class=\"accordion-content\">\n                            <div class=\"accordion-content__inner\">\n\t\t\t\t\t\t\t\tEn t&rsquo;inscrivant en indiquant toutes les donn\u00e9es n\u00e9cessaires, en acceptant les CGV et en envoyant ensuite le formulaire, tu d\u00e9clares participer \u00e0 notre jeu-concours.                            <\/div>\n                        <\/div>\n                    <\/div>\n\t\t\t\t                    <div class=\"accordion-item\">\n                        <div class=\"accordion-header\">\n\t\t\t\t\t\t\tWer kann am Gewinnspiel teilnehmen?                        <\/div>\n                        <div class=\"accordion-content\">\n                            <div class=\"accordion-content__inner\">\n\t\t\t\t\t\t\t\tIn der Regel handelt es sich bei solchen Gewinnen um Gutscheine, die zur Einl\u00f6sung an einen bestimmten Warenwert gebunden sind. Es gibt aber auch Gewinnspiele, bei denen tats\u00e4chlich jeder einen kleinen Preis gewinnen kann.                            <\/div>\n                        <\/div>\n                    <\/div>\n\t\t\t\t            <\/div>\n        <\/div>\n\t\n    <div class=\"faq__footer text-center\">\n\t\t\n\t\t            <a href=\"https:\/\/win4win.ch\/faq\/\" target=\"_blank\" class=\"btn btn_primary btn_mobFull\">Afficher toutes les FAQ<\/a>\n\t\t    <\/div>\n    <\/div>\n<\/section>\n","protected":false},"excerpt":{"rendered":"","protected":false},"author":2,"featured_media":0,"parent":0,"menu_order":0,"comment_status":"closed","ping_status":"closed","template":"","meta":{"_acf_changed":false,"footnotes":""},"class_list":["post-16649","page","type-page","status-publish","hentry"],"acf":[],"yoast_head":"<!-- This site is optimized with the Yoast SEO plugin v26.9 - https:\/\/yoast.com\/product\/yoast-seo-wordpress\/ -->\n<title>Gagner gratuitement aux concours suisses<\/title>\n<meta name=\"description\" content=\"D\u00e9couvre maintenant tous les concours suisses et remporte un prix imm\u00e9diat ! De superbes concours et jeux-concours.\" \/>\n<meta name=\"robots\" content=\"index, follow, max-snippet:-1, max-image-preview:large, max-video-preview:-1\" \/>\n<link rel=\"canonical\" href=\"https:\/\/win4win.ch\/fr\/contact\/\" \/>\n<meta property=\"og:locale\" content=\"fr_FR\" \/>\n<meta property=\"og:type\" content=\"article\" \/>\n<meta property=\"og:title\" content=\"Gagner gratuitement aux concours suisses\" \/>\n<meta property=\"og:description\" content=\"D\u00e9couvre maintenant tous les concours suisses et remporte un prix imm\u00e9diat ! De superbes concours et jeux-concours.\" \/>\n<meta property=\"og:url\" content=\"https:\/\/win4win.ch\/fr\/contact\/\" \/>\n<meta property=\"og:site_name\" content=\"Win4Win Concours et comp\u00e9titions\" \/>\n<meta property=\"article:publisher\" content=\"https:\/\/www.facebook.com\/Win4WinCH\/\" \/>\n<meta property=\"article:modified_time\" content=\"2025-02-20T15:34:04+00:00\" \/>\n<meta name=\"twitter:card\" content=\"summary_large_image\" \/>\n<meta name=\"twitter:site\" content=\"@Win4Win_ch\" \/>\n<script type=\"application\/ld+json\" class=\"yoast-schema-graph\">{\"@context\":\"https:\/\/schema.org\",\"@graph\":[{\"@type\":\"WebPage\",\"@id\":\"https:\/\/win4win.ch\/fr\/contact\/\",\"url\":\"https:\/\/win4win.ch\/fr\/contact\/\",\"name\":\"Gagner gratuitement aux concours suisses\",\"isPartOf\":{\"@id\":\"https:\/\/win4win.ch\/fr\/#website\"},\"datePublished\":\"2024-10-31T06:13:43+00:00\",\"dateModified\":\"2025-02-20T15:34:04+00:00\",\"description\":\"D\u00e9couvre maintenant tous les concours suisses et remporte un prix imm\u00e9diat ! De superbes concours et jeux-concours.\",\"breadcrumb\":{\"@id\":\"https:\/\/win4win.ch\/fr\/contact\/#breadcrumb\"},\"inLanguage\":\"fr-FR\",\"potentialAction\":[{\"@type\":\"ReadAction\",\"target\":[\"https:\/\/win4win.ch\/fr\/contact\/\"]}]},{\"@type\":\"BreadcrumbList\",\"@id\":\"https:\/\/win4win.ch\/fr\/contact\/#breadcrumb\",\"itemListElement\":[{\"@type\":\"ListItem\",\"position\":1,\"name\":\"Home\",\"item\":\"https:\/\/win4win.ch\/fr\/\"},{\"@type\":\"ListItem\",\"position\":2,\"name\":\"Contact\"}]},{\"@type\":\"WebSite\",\"@id\":\"https:\/\/win4win.ch\/fr\/#website\",\"url\":\"https:\/\/win4win.ch\/fr\/\",\"name\":\"Win4Win Concours et comp\u00e9titions\",\"description\":\"\",\"potentialAction\":[{\"@type\":\"SearchAction\",\"target\":{\"@type\":\"EntryPoint\",\"urlTemplate\":\"https:\/\/win4win.ch\/fr\/?s={search_term_string}\"},\"query-input\":{\"@type\":\"PropertyValueSpecification\",\"valueRequired\":true,\"valueName\":\"search_term_string\"}}],\"inLanguage\":\"fr-FR\"}]}<\/script>\n<!-- \/ Yoast SEO plugin. -->","yoast_head_json":{"title":"Gagner gratuitement aux concours suisses","description":"D\u00e9couvre maintenant tous les concours suisses et remporte un prix imm\u00e9diat ! De superbes concours et jeux-concours.","robots":{"index":"index","follow":"follow","max-snippet":"max-snippet:-1","max-image-preview":"max-image-preview:large","max-video-preview":"max-video-preview:-1"},"canonical":"https:\/\/win4win.ch\/fr\/contact\/","og_locale":"fr_FR","og_type":"article","og_title":"Gagner gratuitement aux concours suisses","og_description":"D\u00e9couvre maintenant tous les concours suisses et remporte un prix imm\u00e9diat ! De superbes concours et jeux-concours.","og_url":"https:\/\/win4win.ch\/fr\/contact\/","og_site_name":"Win4Win Concours et comp\u00e9titions","article_publisher":"https:\/\/www.facebook.com\/Win4WinCH\/","article_modified_time":"2025-02-20T15:34:04+00:00","twitter_card":"summary_large_image","twitter_site":"@Win4Win_ch","schema":{"@context":"https:\/\/schema.org","@graph":[{"@type":"WebPage","@id":"https:\/\/win4win.ch\/fr\/contact\/","url":"https:\/\/win4win.ch\/fr\/contact\/","name":"Gagner gratuitement aux concours suisses","isPartOf":{"@id":"https:\/\/win4win.ch\/fr\/#website"},"datePublished":"2024-10-31T06:13:43+00:00","dateModified":"2025-02-20T15:34:04+00:00","description":"D\u00e9couvre maintenant tous les concours suisses et remporte un prix imm\u00e9diat ! De superbes concours et jeux-concours.","breadcrumb":{"@id":"https:\/\/win4win.ch\/fr\/contact\/#breadcrumb"},"inLanguage":"fr-FR","potentialAction":[{"@type":"ReadAction","target":["https:\/\/win4win.ch\/fr\/contact\/"]}]},{"@type":"BreadcrumbList","@id":"https:\/\/win4win.ch\/fr\/contact\/#breadcrumb","itemListElement":[{"@type":"ListItem","position":1,"name":"Home","item":"https:\/\/win4win.ch\/fr\/"},{"@type":"ListItem","position":2,"name":"Contact"}]},{"@type":"WebSite","@id":"https:\/\/win4win.ch\/fr\/#website","url":"https:\/\/win4win.ch\/fr\/","name":"Win4Win Concours et comp\u00e9titions","description":"","potentialAction":[{"@type":"SearchAction","target":{"@type":"EntryPoint","urlTemplate":"https:\/\/win4win.ch\/fr\/?s={search_term_string}"},"query-input":{"@type":"PropertyValueSpecification","valueRequired":true,"valueName":"search_term_string"}}],"inLanguage":"fr-FR"}]}},"_links":{"self":[{"href":"https:\/\/win4win.ch\/fr\/wp-json\/wp\/v2\/pages\/16649","targetHints":{"allow":["GET"]}}],"collection":[{"href":"https:\/\/win4win.ch\/fr\/wp-json\/wp\/v2\/pages"}],"about":[{"href":"https:\/\/win4win.ch\/fr\/wp-json\/wp\/v2\/types\/page"}],"author":[{"embeddable":true,"href":"https:\/\/win4win.ch\/fr\/wp-json\/wp\/v2\/users\/2"}],"replies":[{"embeddable":true,"href":"https:\/\/win4win.ch\/fr\/wp-json\/wp\/v2\/comments?post=16649"}],"version-history":[{"count":7,"href":"https:\/\/win4win.ch\/fr\/wp-json\/wp\/v2\/pages\/16649\/revisions"}],"predecessor-version":[{"id":18214,"href":"https:\/\/win4win.ch\/fr\/wp-json\/wp\/v2\/pages\/16649\/revisions\/18214"}],"wp:attachment":[{"href":"https:\/\/win4win.ch\/fr\/wp-json\/wp\/v2\/media?parent=16649"}],"curies":[{"name":"wp","href":"https:\/\/api.w.org\/{rel}","templated":true}]}}